{"id":5173,"date":"2025-10-13T08:52:48","date_gmt":"2025-10-13T07:52:48","guid":{"rendered":"https:\/\/wellnessmarket.ro\/?post_type=product&#038;p=5173"},"modified":"2025-10-13T09:07:12","modified_gmt":"2025-10-13T08:07:12","slug":"terapie-oberon-sesiune-intensiva-de-3-ore-direct-la-distanta","status":"publish","type":"product","link":"https:\/\/wellnessmarket.ro\/en\/product\/terapie-oberon-sesiune-intensiva-de-3-ore-direct-la-distanta\/","title":{"rendered":"Oberon Therapy \u2013 3-Hour Intensive Session (in person \/ remotely)"},"content":{"rendered":"<p data-start=\"156\" data-end=\"382\">Discover a transformative vibrational experience, delivered entirely online, through the system <strong data-start=\"248\" data-end=\"258\">OBERON<\/strong> \u2014 a non-linear analysis and balancing technology, not based on invasive methods. During the <strong data-start=\"357\" data-end=\"381\">three consecutive hours<\/strong>:<\/p>\n<h3 data-start=\"384\" data-end=\"423\">1. Holistic vibrational scanning<\/h3>\n<p data-start=\"424\" data-end=\"890\">The device <strong data-start=\"437\" data-end=\"447\">OBERON<\/strong> performs a subtle analysis of your energy system, &quot;listening&quot; to your body&#039;s frequencies to identify and harmonize emotional, mental and physical imbalances. This scan compares your responses to an optimized frequency pattern, revealing areas that need harmonization. (The technology is described as a non-linear biofeedback system - NLS, which &quot;receives&quot; the body&#039;s vibrational responses)<\/p>\n<h3 data-start=\"892\" data-end=\"947\">2. Personalized vibrational correction protocol<\/h3>\n<p data-start=\"948\" data-end=\"1238\">Based on the scanned information, the therapist adjusts specific OBERON programs, sending subtle balancing waves or impulses to your information field. The intervention can be performed directly or remotely (without requiring physical devices on the body \u2014 everything is done via an online connection).<\/p>\n<h3 data-start=\"1240\" data-end=\"1280\">3. Real-time feedback &amp; guidance<\/h3>\n<p data-start=\"1281\" data-end=\"1554\">During the session, you receive step-by-step explanations of what you discover, suggestions for breathing exercises, meditation, or other complementary practices that support the vibrational process. Thus, you benefit not only from correction, but also from an active understanding of the transformation.<\/p>\n<h3 data-start=\"1556\" data-end=\"1607\">4. Full report and follow-up recommendations<\/h3>\n<p data-start=\"1608\" data-end=\"1848\">Within 24 hours you will receive a detailed report by email: scan results, key observations and recommendations for supporting the balance achieved. The report serves as a practical guide for maintaining harmony in the medium and long term.<\/p>\n<hr data-start=\"1850\" data-end=\"1853\" \/>\n<h3 data-start=\"1855\" data-end=\"1880\">\u2728 Benefits offered<\/h3>\n<ul data-start=\"1881\" data-end=\"2262\">\n<li data-start=\"1881\" data-end=\"1983\">\n<p data-start=\"1883\" data-end=\"1983\"><strong data-start=\"1883\" data-end=\"1907\">Quick rebalancing<\/strong> of the subtle energy system, with an emphasis on supporting the nervous system.<\/p>\n<\/li>\n<li data-start=\"1984\" data-end=\"2052\">\n<p data-start=\"1986\" data-end=\"2052\"><strong data-start=\"1986\" data-end=\"2021\">Mental and emotional clarity<\/strong>, through harmonizing resonance.<\/p>\n<\/li>\n<li data-start=\"2053\" data-end=\"2159\">\n<p data-start=\"2055\" data-end=\"2159\"><strong data-start=\"2055\" data-end=\"2080\">Maximum accessibility<\/strong> \u2014 everything can also be done online, without any physical devices required at the client&#039;s premises.<\/p>\n<\/li>\n<li data-start=\"2160\" data-end=\"2262\">\n<p data-start=\"2162\" data-end=\"2262\"><strong data-start=\"2162\" data-end=\"2185\">Non-invasive method<\/strong>, related to advanced biofeedback and vibrational balancing practices.<\/p>\n<\/li>\n<\/ul>\n<hr data-start=\"2264\" data-end=\"2267\" \/>\n<h3 data-start=\"2269\" data-end=\"2322\">Who is this OBERON session ideal for?<\/h3>\n<p data-start=\"2323\" data-end=\"2642\">\u2713 People with a very busy schedule who cannot participate in extended therapies.<br data-start=\"2407\" data-end=\"2410\" \/>\u2713 Those who need a punctual vibrational boost before important moments (e.g. exams, presentations, creative projects).<br data-start=\"2540\" data-end=\"2543\" \/>\u2713 Anyone who wants to experience OBERON technology in an intense, focused and effective format.<\/p>","protected":false},"excerpt":{"rendered":"<p>Descoper\u0103 o experien\u0163\u0103 vibra\u0163ional\u0103 transformatoare, livrat\u0103 integral online, prin sistemul OBERON \u2014 o tehnologie de analiz\u0103 \u015fi echilibrare non-linear\u0103, nebazat\u0103 pe metode invazive. \u00cen parcursul a trei ore consecutive: 1. Scanare vibra\u0163ional\u0103 holistic\u0103 Dispozitivul OBERON efectueaz\u0103 o analiz\u0103 subtil\u0103 a sistemului t\u0103u energetic, \u201eascult\u00e2nd\u201d frecven\u021bele organismului pentru a identifica \u0219i armoniza dezechilibrele la nivel emo\u021bional, [&hellip;]<\/p>","protected":false},"featured_media":3188,"comment_status":"open","ping_status":"closed","template":"","meta":[],"product_brand":[],"product_cat":[119],"product_tag":[123],"class_list":{"0":"post-5173","1":"product","2":"type-product","3":"status-publish","4":"has-post-thumbnail","6":"product_cat-dispozitive","7":"product_tag-oberon","9":"first","10":"instock","11":"sale","12":"taxable","13":"shipping-taxable","14":"purchasable","15":"product-type-simple"},"yoast_head":"<!-- This site is optimized with the Yoast SEO plugin v26.1.1 - https:\/\/yoast.com\/wordpress\/plugins\/seo\/ -->\n<title>Terapie Oberon \u2013 Sesiune Intensiv\u0103 de 3 Ore (direct \/ la distan\u021b\u0103) - WellnessMarket<\/title>\n<meta name=\"description\" content=\"Descoper\u0103 puterea Dispozitivului OBERON pentru o analiz\u0103 subtil\u0103 a sistemului t\u0103u energetic. Armonizeaz\u0103 dezechilibrele energetice, emo\u021bionale \u0219i mentale!\" \/>\n<meta name=\"robots\" content=\"index, follow, max-snippet:-1, max-image-preview:large, max-video-preview:-1\" \/>\n<link rel=\"canonical\" href=\"https:\/\/wellnessmarket.ro\/en\/product\/terapie-oberon-sesiune-intensiva-de-3-ore-direct-la-distanta\/\" \/>\n<meta property=\"og:locale\" content=\"en_US\" \/>\n<meta property=\"og:type\" content=\"article\" \/>\n<meta property=\"og:title\" content=\"Terapie Oberon \u2013 Sesiune Intensiv\u0103 de 3 Ore (direct \/ la distan\u021b\u0103) - WellnessMarket\" \/>\n<meta property=\"og:description\" content=\"Descoper\u0103 puterea Dispozitivului OBERON pentru o analiz\u0103 subtil\u0103 a sistemului t\u0103u energetic. Armonizeaz\u0103 dezechilibrele energetice, emo\u021bionale \u0219i mentale!\" \/>\n<meta property=\"og:url\" content=\"https:\/\/wellnessmarket.ro\/en\/product\/terapie-oberon-sesiune-intensiva-de-3-ore-direct-la-distanta\/\" \/>\n<meta property=\"og:site_name\" content=\"WellnessMarket\" \/>\n<meta property=\"article:modified_time\" content=\"2025-10-13T08:07:12+00:00\" \/>\n<meta property=\"og:image\" content=\"https:\/\/wellnessmarket.ro\/wp-content\/uploads\/2025\/05\/image.webp\" \/>\n\t<meta property=\"og:image:width\" content=\"779\" \/>\n\t<meta property=\"og:image:height\" content=\"525\" \/>\n\t<meta property=\"og:image:type\" content=\"image\/webp\" \/>\n<meta name=\"twitter:card\" content=\"summary_large_image\" \/>\n<meta name=\"twitter:label1\" content=\"Est. reading time\" \/>\n\t<meta name=\"twitter:data1\" content=\"2 minutes\" \/>\n<script type=\"application\/ld+json\" class=\"yoast-schema-graph\">{\"@context\":\"https:\/\/schema.org\",\"@graph\":[{\"@type\":\"WebPage\",\"@id\":\"https:\/\/wellnessmarket.ro\/product\/terapie-oberon-sesiune-intensiva-de-3-ore-direct-la-distanta\/\",\"url\":\"https:\/\/wellnessmarket.ro\/product\/terapie-oberon-sesiune-intensiva-de-3-ore-direct-la-distanta\/\",\"name\":\"Terapie Oberon \u2013 Sesiune Intensiv\u0103 de 3 Ore (direct \/ la distan\u021b\u0103) - WellnessMarket\",\"isPartOf\":{\"@id\":\"https:\/\/wellnessmarket.ro\/#website\"},\"primaryImageOfPage\":{\"@id\":\"https:\/\/wellnessmarket.ro\/product\/terapie-oberon-sesiune-intensiva-de-3-ore-direct-la-distanta\/#primaryimage\"},\"image\":{\"@id\":\"https:\/\/wellnessmarket.ro\/product\/terapie-oberon-sesiune-intensiva-de-3-ore-direct-la-distanta\/#primaryimage\"},\"thumbnailUrl\":\"https:\/\/wellnessmarket.ro\/wp-content\/uploads\/2025\/05\/image.webp\",\"datePublished\":\"2025-10-13T07:52:48+00:00\",\"dateModified\":\"2025-10-13T08:07:12+00:00\",\"description\":\"Descoper\u0103 puterea Dispozitivului OBERON pentru o analiz\u0103 subtil\u0103 a sistemului t\u0103u energetic. Armonizeaz\u0103 dezechilibrele energetice, emo\u021bionale \u0219i mentale!\",\"breadcrumb\":{\"@id\":\"https:\/\/wellnessmarket.ro\/product\/terapie-oberon-sesiune-intensiva-de-3-ore-direct-la-distanta\/#breadcrumb\"},\"inLanguage\":\"en-US\",\"potentialAction\":[{\"@type\":\"ReadAction\",\"target\":[\"https:\/\/wellnessmarket.ro\/product\/terapie-oberon-sesiune-intensiva-de-3-ore-direct-la-distanta\/\"]}]},{\"@type\":\"ImageObject\",\"inLanguage\":\"en-US\",\"@id\":\"https:\/\/wellnessmarket.ro\/product\/terapie-oberon-sesiune-intensiva-de-3-ore-direct-la-distanta\/#primaryimage\",\"url\":\"https:\/\/wellnessmarket.ro\/wp-content\/uploads\/2025\/05\/image.webp\",\"contentUrl\":\"https:\/\/wellnessmarket.ro\/wp-content\/uploads\/2025\/05\/image.webp\",\"width\":779,\"height\":525},{\"@type\":\"BreadcrumbList\",\"@id\":\"https:\/\/wellnessmarket.ro\/product\/terapie-oberon-sesiune-intensiva-de-3-ore-direct-la-distanta\/#breadcrumb\",\"itemListElement\":[{\"@type\":\"ListItem\",\"position\":1,\"name\":\"Prima pagin\u0103\",\"item\":\"https:\/\/wellnessmarket.ro\/\"},{\"@type\":\"ListItem\",\"position\":2,\"name\":\"Produse\",\"item\":\"https:\/\/wellnessmarket.ro\/shop\/\"},{\"@type\":\"ListItem\",\"position\":3,\"name\":\"Terapie Oberon \u2013 Sesiune Intensiv\u0103 de 3 Ore (direct \/ la distan\u021b\u0103)\"}]},{\"@type\":\"WebSite\",\"@id\":\"https:\/\/wellnessmarket.ro\/#website\",\"url\":\"https:\/\/wellnessmarket.ro\/\",\"name\":\"WellnessMarket\",\"description\":\"Today is the day\",\"publisher\":{\"@id\":\"https:\/\/wellnessmarket.ro\/#organization\"},\"potentialAction\":[{\"@type\":\"SearchAction\",\"target\":{\"@type\":\"EntryPoint\",\"urlTemplate\":\"https:\/\/wellnessmarket.ro\/?s={search_term_string}\"},\"query-input\":{\"@type\":\"PropertyValueSpecification\",\"valueRequired\":true,\"valueName\":\"search_term_string\"}}],\"inLanguage\":\"en-US\"},{\"@type\":\"Organization\",\"@id\":\"https:\/\/wellnessmarket.ro\/#organization\",\"name\":\"WellnessMarket\",\"url\":\"https:\/\/wellnessmarket.ro\/\",\"logo\":{\"@type\":\"ImageObject\",\"inLanguage\":\"en-US\",\"@id\":\"https:\/\/wellnessmarket.ro\/#\/schema\/logo\/image\/\",\"url\":\"https:\/\/wellnessmarket.ro\/wp-content\/uploads\/2025\/01\/logo4.png\",\"contentUrl\":\"https:\/\/wellnessmarket.ro\/wp-content\/uploads\/2025\/01\/logo4.png\",\"width\":1258,\"height\":437,\"caption\":\"WellnessMarket\"},\"image\":{\"@id\":\"https:\/\/wellnessmarket.ro\/#\/schema\/logo\/image\/\"}}]}<\/script>\n<!-- \/ Yoast SEO plugin. -->","yoast_head_json":{"title":"Terapie Oberon \u2013 Sesiune Intensiv\u0103 de 3 Ore (direct \/ la distan\u021b\u0103) - WellnessMarket","description":"Descoper\u0103 puterea Dispozitivului OBERON pentru o analiz\u0103 subtil\u0103 a sistemului t\u0103u energetic. Armonizeaz\u0103 dezechilibrele energetice, emo\u021bionale \u0219i mentale!","robots":{"index":"index","follow":"follow","max-snippet":"max-snippet:-1","max-image-preview":"max-image-preview:large","max-video-preview":"max-video-preview:-1"},"canonical":"https:\/\/wellnessmarket.ro\/en\/product\/terapie-oberon-sesiune-intensiva-de-3-ore-direct-la-distanta\/","og_locale":"en_US","og_type":"article","og_title":"Terapie Oberon \u2013 Sesiune Intensiv\u0103 de 3 Ore (direct \/ la distan\u021b\u0103) - WellnessMarket","og_description":"Descoper\u0103 puterea Dispozitivului OBERON pentru o analiz\u0103 subtil\u0103 a sistemului t\u0103u energetic. Armonizeaz\u0103 dezechilibrele energetice, emo\u021bionale \u0219i mentale!","og_url":"https:\/\/wellnessmarket.ro\/en\/product\/terapie-oberon-sesiune-intensiva-de-3-ore-direct-la-distanta\/","og_site_name":"WellnessMarket","article_modified_time":"2025-10-13T08:07:12+00:00","og_image":[{"width":779,"height":525,"url":"https:\/\/wellnessmarket.ro\/wp-content\/uploads\/2025\/05\/image.webp","type":"image\/webp"}],"twitter_card":"summary_large_image","twitter_misc":{"Est. reading time":"2 minutes"},"schema":{"@context":"https:\/\/schema.org","@graph":[{"@type":"WebPage","@id":"https:\/\/wellnessmarket.ro\/product\/terapie-oberon-sesiune-intensiva-de-3-ore-direct-la-distanta\/","url":"https:\/\/wellnessmarket.ro\/product\/terapie-oberon-sesiune-intensiva-de-3-ore-direct-la-distanta\/","name":"Terapie Oberon \u2013 Sesiune Intensiv\u0103 de 3 Ore (direct \/ la distan\u021b\u0103) - WellnessMarket","isPartOf":{"@id":"https:\/\/wellnessmarket.ro\/#website"},"primaryImageOfPage":{"@id":"https:\/\/wellnessmarket.ro\/product\/terapie-oberon-sesiune-intensiva-de-3-ore-direct-la-distanta\/#primaryimage"},"image":{"@id":"https:\/\/wellnessmarket.ro\/product\/terapie-oberon-sesiune-intensiva-de-3-ore-direct-la-distanta\/#primaryimage"},"thumbnailUrl":"https:\/\/wellnessmarket.ro\/wp-content\/uploads\/2025\/05\/image.webp","datePublished":"2025-10-13T07:52:48+00:00","dateModified":"2025-10-13T08:07:12+00:00","description":"Descoper\u0103 puterea Dispozitivului OBERON pentru o analiz\u0103 subtil\u0103 a sistemului t\u0103u energetic. Armonizeaz\u0103 dezechilibrele energetice, emo\u021bionale \u0219i mentale!","breadcrumb":{"@id":"https:\/\/wellnessmarket.ro\/product\/terapie-oberon-sesiune-intensiva-de-3-ore-direct-la-distanta\/#breadcrumb"},"inLanguage":"en-US","potentialAction":[{"@type":"ReadAction","target":["https:\/\/wellnessmarket.ro\/product\/terapie-oberon-sesiune-intensiva-de-3-ore-direct-la-distanta\/"]}]},{"@type":"ImageObject","inLanguage":"en-US","@id":"https:\/\/wellnessmarket.ro\/product\/terapie-oberon-sesiune-intensiva-de-3-ore-direct-la-distanta\/#primaryimage","url":"https:\/\/wellnessmarket.ro\/wp-content\/uploads\/2025\/05\/image.webp","contentUrl":"https:\/\/wellnessmarket.ro\/wp-content\/uploads\/2025\/05\/image.webp","width":779,"height":525},{"@type":"BreadcrumbList","@id":"https:\/\/wellnessmarket.ro\/product\/terapie-oberon-sesiune-intensiva-de-3-ore-direct-la-distanta\/#breadcrumb","itemListElement":[{"@type":"ListItem","position":1,"name":"Prima pagin\u0103","item":"https:\/\/wellnessmarket.ro\/"},{"@type":"ListItem","position":2,"name":"Produse","item":"https:\/\/wellnessmarket.ro\/shop\/"},{"@type":"ListItem","position":3,"name":"Terapie Oberon \u2013 Sesiune Intensiv\u0103 de 3 Ore (direct \/ la distan\u021b\u0103)"}]},{"@type":"WebSite","@id":"https:\/\/wellnessmarket.ro\/#website","url":"https:\/\/wellnessmarket.ro\/","name":"WellnessMarket","description":"Today is the day","publisher":{"@id":"https:\/\/wellnessmarket.ro\/#organization"},"potentialAction":[{"@type":"SearchAction","target":{"@type":"EntryPoint","urlTemplate":"https:\/\/wellnessmarket.ro\/?s={search_term_string}"},"query-input":{"@type":"PropertyValueSpecification","valueRequired":true,"valueName":"search_term_string"}}],"inLanguage":"en-US"},{"@type":"Organization","@id":"https:\/\/wellnessmarket.ro\/#organization","name":"WellnessMarket","url":"https:\/\/wellnessmarket.ro\/","logo":{"@type":"ImageObject","inLanguage":"en-US","@id":"https:\/\/wellnessmarket.ro\/#\/schema\/logo\/image\/","url":"https:\/\/wellnessmarket.ro\/wp-content\/uploads\/2025\/01\/logo4.png","contentUrl":"https:\/\/wellnessmarket.ro\/wp-content\/uploads\/2025\/01\/logo4.png","width":1258,"height":437,"caption":"WellnessMarket"},"image":{"@id":"https:\/\/wellnessmarket.ro\/#\/schema\/logo\/image\/"}}]}},"_links":{"self":[{"href":"https:\/\/wellnessmarket.ro\/en\/wp-json\/wp\/v2\/product\/5173","targetHints":{"allow":["GET"]}}],"collection":[{"href":"https:\/\/wellnessmarket.ro\/en\/wp-json\/wp\/v2\/product"}],"about":[{"href":"https:\/\/wellnessmarket.ro\/en\/wp-json\/wp\/v2\/types\/product"}],"replies":[{"embeddable":true,"href":"https:\/\/wellnessmarket.ro\/en\/wp-json\/wp\/v2\/comments?post=5173"}],"wp:featuredmedia":[{"embeddable":true,"href":"https:\/\/wellnessmarket.ro\/en\/wp-json\/wp\/v2\/media\/3188"}],"wp:attachment":[{"href":"https:\/\/wellnessmarket.ro\/en\/wp-json\/wp\/v2\/media?parent=5173"}],"wp:term":[{"taxonomy":"product_brand","embeddable":true,"href":"https:\/\/wellnessmarket.ro\/en\/wp-json\/wp\/v2\/product_brand?post=5173"},{"taxonomy":"product_cat","embeddable":true,"href":"https:\/\/wellnessmarket.ro\/en\/wp-json\/wp\/v2\/product_cat?post=5173"},{"taxonomy":"product_tag","embeddable":true,"href":"https:\/\/wellnessmarket.ro\/en\/wp-json\/wp\/v2\/product_tag?post=5173"}],"curies":[{"name":"wp","href":"https:\/\/api.w.org\/{rel}","templated":true}]}}