{"id":5093,"date":"2025-09-19T17:33:03","date_gmt":"2025-09-19T16:33:03","guid":{"rendered":"https:\/\/wellnessmarket.ro\/?post_type=product&#038;p=5093"},"modified":"2025-09-19T17:37:47","modified_gmt":"2025-09-19T16:37:47","slug":"the-basic-bundle","status":"publish","type":"product","link":"https:\/\/wellnessmarket.ro\/en\/product\/the-basic-bundle\/","title":{"rendered":"The Basic Bundle"},"content":{"rendered":"<p data-start=\"458\" data-end=\"703\">\ud83c\udfaf Are you ready to transform your daily routine into a complete wellness experience? <strong data-start=\"544\" data-end=\"564\">The Basic Bundle<\/strong> is the ideal set that gives you everything you need to get started \u2014 energy balance, harmony, relaxation and a holistic state of well-being \ud83c\udf1f.<\/p>\n<hr data-start=\"705\" data-end=\"708\" \/>\n<h4 data-start=\"710\" data-end=\"749\">What it contains and what it does for you:<\/h4>\n<ul data-start=\"751\" data-end=\"1166\">\n<li data-start=\"751\" data-end=\"879\">\n<p data-start=\"753\" data-end=\"879\">\ud83d\udd0b <strong data-start=\"756\" data-end=\"779\">Balanced Energy<\/strong> \u2013 programs that support your energy levels, for more vitality and mental clarity.<\/p>\n<\/li>\n<li data-start=\"880\" data-end=\"1036\">\n<p data-start=\"882\" data-end=\"1036\">\ud83e\uddd8\u200d\u2640\ufe0f <strong data-start=\"888\" data-end=\"923\">Relaxation and Stress Reduction<\/strong> \u2013 frequencies that calm the mind and body after a tiring day, helping you disconnect and be reborn.<\/p>\n<\/li>\n<li data-start=\"1037\" data-end=\"1166\">\n<p data-start=\"1039\" data-end=\"1166\">\u2728 <strong data-start=\"1041\" data-end=\"1068\">Holistic Wellness<\/strong> \u2013 combines physical, mental and spiritual elements for a sustained balance on all levels.<\/p>\n<\/li>\n<\/ul>\n<hr data-start=\"1168\" data-end=\"1171\" \/>\n<h4 data-start=\"1173\" data-end=\"1195\">Why choose it:<\/h4>\n<ul data-start=\"1197\" data-end=\"1584\">\n<li data-start=\"1197\" data-end=\"1312\">\n<p data-start=\"1199\" data-end=\"1312\">\ud83e\udde9 <strong data-start=\"1202\" data-end=\"1223\">Complete &amp; Compact<\/strong> \u2013 you have everything you need to get started in one set, without complicated investments.<\/p>\n<\/li>\n<li data-start=\"1313\" data-end=\"1470\">\n<p data-start=\"1315\" data-end=\"1470\">\ud83d\udcc8 <strong data-start=\"1318\" data-end=\"1348\">Suitable for Beginners<\/strong> \u2013 simple to use, designed to be intuitive and friendly, even if you have no experience with biofrequency devices.<\/p>\n<\/li>\n<li data-start=\"1471\" data-end=\"1584\">\n<p data-start=\"1473\" data-end=\"1584\">\ud83c\udf0d <strong data-start=\"1476\" data-end=\"1496\">Premium quality<\/strong> \u2013 Healy technology, well known for its reliability, efficiency and attention to detail.<\/p>\n<\/li>\n<\/ul>\n<hr data-start=\"1586\" data-end=\"1589\" \/>\n<h4 data-start=\"1591\" data-end=\"1621\">Long-term benefits:<\/h4>\n<ul data-start=\"1623\" data-end=\"1849\">\n<li data-start=\"1623\" data-end=\"1704\">\n<p data-start=\"1625\" data-end=\"1704\">\ud83d\udd04 Daily refreshment that supports your routine and overall health.<\/p>\n<\/li>\n<li data-start=\"1705\" data-end=\"1765\">\n<p data-start=\"1707\" data-end=\"1765\">\ud83d\udecc More restful sleep, less tension and anxiety.<\/p>\n<\/li>\n<li data-start=\"1766\" data-end=\"1849\">\n<p data-start=\"1768\" data-end=\"1849\">\ud83e\udd1d More self-awareness, emotional balance and clarity in choices.<\/p>\n<\/li>\n<\/ul>\n<hr data-start=\"1851\" data-end=\"1854\" \/>\n<p data-start=\"1856\" data-end=\"1882\"><strong data-start=\"1856\" data-end=\"1882\">\ud83d\udd14 How to use it:<\/strong><\/p>\n<ol data-start=\"1884\" data-end=\"2155\">\n<li data-start=\"1884\" data-end=\"1988\">\n<p data-start=\"1887\" data-end=\"1988\">Choose the right program for the time of day: morning for energizing, evening for relaxation.<\/p>\n<\/li>\n<li data-start=\"1989\" data-end=\"2072\">\n<p data-start=\"1992\" data-end=\"2072\">Connect the device according to the instructions and follow the recommended duration.<\/p>\n<\/li>\n<li data-start=\"2073\" data-end=\"2155\">\n<p data-start=\"2076\" data-end=\"2155\">Notice how your body and mind respond \u2013 fine adjustments will make all the difference!<\/p>\n<\/li>\n<\/ol>\n<hr data-start=\"2157\" data-end=\"2160\" \/>\n<p data-start=\"2162\" data-end=\"2296\">With <strong data-start=\"2165\" data-end=\"2185\">The Basic Bundle<\/strong>, you&#039;re not just starting \u2013 you&#039;re starting on the right path to harmony, vitality and lasting well-being \ud83d\udcab.<\/p>","protected":false},"excerpt":{"rendered":"<p>\ud83c\udf92 <strong data-start=\"186\" data-end=\"206\">The Basic Bundle<\/strong> \u2013 The essential set for well-being and harmony \ud83c\udf3f<br data-start=\"254\" data-end=\"257\" \/>Includes the Healy core components for energy balance, relaxation and revitalization. Perfect for those who want to begin their journey to inner balance.<\/p>","protected":false},"featured_media":5096,"comment_status":"open","ping_status":"closed","template":"","meta":[],"product_brand":[],"product_cat":[121],"product_tag":[120],"class_list":{"0":"post-5093","1":"product","2":"type-product","3":"status-publish","4":"has-post-thumbnail","6":"product_cat-pachete","7":"product_tag-healy","9":"first","10":"instock","11":"taxable","12":"shipping-taxable","13":"product-type-external"},"yoast_head":"<!-- This site is optimized with the Yoast SEO plugin v26.1.1 - https:\/\/yoast.com\/wordpress\/plugins\/seo\/ -->\n<title>The Basic Bundle - WellnessMarket<\/title>\n<meta name=\"robots\" content=\"index, follow, max-snippet:-1, max-image-preview:large, max-video-preview:-1\" \/>\n<link rel=\"canonical\" href=\"https:\/\/wellnessmarket.ro\/en\/product\/the-basic-bundle\/\" \/>\n<meta property=\"og:locale\" content=\"en_US\" \/>\n<meta property=\"og:type\" content=\"article\" \/>\n<meta property=\"og:title\" content=\"The Basic Bundle - WellnessMarket\" \/>\n<meta property=\"og:description\" content=\"\ud83c\udf92 The Basic Bundle \u2013 Setul esen\u021bial pentru bun\u0103stare \u0219i armonie \ud83c\udf3fInclude componentele fundamentale Healy pentru balans energetic, relaxare \u015fi revitalizare. Perfect pentru cei care vor s\u0103 \u00eenceap\u0103 c\u0103l\u0103toria spre echilibru interior.\" \/>\n<meta property=\"og:url\" content=\"https:\/\/wellnessmarket.ro\/en\/product\/the-basic-bundle\/\" \/>\n<meta property=\"og:site_name\" content=\"WellnessMarket\" \/>\n<meta property=\"article:modified_time\" content=\"2025-09-19T16:37:47+00:00\" \/>\n<meta property=\"og:image\" content=\"https:\/\/wellnessmarket.ro\/wp-content\/uploads\/2025\/09\/basic-bundle.jpg\" \/>\n\t<meta property=\"og:image:width\" content=\"1000\" \/>\n\t<meta property=\"og:image:height\" content=\"1000\" \/>\n\t<meta property=\"og:image:type\" content=\"image\/jpeg\" \/>\n<meta name=\"twitter:card\" content=\"summary_large_image\" \/>\n<meta name=\"twitter:label1\" content=\"Est. reading time\" \/>\n\t<meta name=\"twitter:data1\" content=\"1 minute\" \/>\n<script type=\"application\/ld+json\" class=\"yoast-schema-graph\">{\"@context\":\"https:\/\/schema.org\",\"@graph\":[{\"@type\":\"WebPage\",\"@id\":\"https:\/\/wellnessmarket.ro\/product\/the-basic-bundle\/\",\"url\":\"https:\/\/wellnessmarket.ro\/product\/the-basic-bundle\/\",\"name\":\"The Basic Bundle - WellnessMarket\",\"isPartOf\":{\"@id\":\"https:\/\/wellnessmarket.ro\/#website\"},\"primaryImageOfPage\":{\"@id\":\"https:\/\/wellnessmarket.ro\/product\/the-basic-bundle\/#primaryimage\"},\"image\":{\"@id\":\"https:\/\/wellnessmarket.ro\/product\/the-basic-bundle\/#primaryimage\"},\"thumbnailUrl\":\"https:\/\/wellnessmarket.ro\/wp-content\/uploads\/2025\/09\/basic-bundle.jpg\",\"datePublished\":\"2025-09-19T16:33:03+00:00\",\"dateModified\":\"2025-09-19T16:37:47+00:00\",\"breadcrumb\":{\"@id\":\"https:\/\/wellnessmarket.ro\/product\/the-basic-bundle\/#breadcrumb\"},\"inLanguage\":\"en-US\",\"potentialAction\":[{\"@type\":\"ReadAction\",\"target\":[\"https:\/\/wellnessmarket.ro\/product\/the-basic-bundle\/\"]}]},{\"@type\":\"ImageObject\",\"inLanguage\":\"en-US\",\"@id\":\"https:\/\/wellnessmarket.ro\/product\/the-basic-bundle\/#primaryimage\",\"url\":\"https:\/\/wellnessmarket.ro\/wp-content\/uploads\/2025\/09\/basic-bundle.jpg\",\"contentUrl\":\"https:\/\/wellnessmarket.ro\/wp-content\/uploads\/2025\/09\/basic-bundle.jpg\",\"width\":1000,\"height\":1000},{\"@type\":\"BreadcrumbList\",\"@id\":\"https:\/\/wellnessmarket.ro\/product\/the-basic-bundle\/#breadcrumb\",\"itemListElement\":[{\"@type\":\"ListItem\",\"position\":1,\"name\":\"Prima pagin\u0103\",\"item\":\"https:\/\/wellnessmarket.ro\/\"},{\"@type\":\"ListItem\",\"position\":2,\"name\":\"Produse\",\"item\":\"https:\/\/wellnessmarket.ro\/shop\/\"},{\"@type\":\"ListItem\",\"position\":3,\"name\":\"The Basic Bundle\"}]},{\"@type\":\"WebSite\",\"@id\":\"https:\/\/wellnessmarket.ro\/#website\",\"url\":\"https:\/\/wellnessmarket.ro\/\",\"name\":\"WellnessMarket\",\"description\":\"Today is the day\",\"publisher\":{\"@id\":\"https:\/\/wellnessmarket.ro\/#organization\"},\"potentialAction\":[{\"@type\":\"SearchAction\",\"target\":{\"@type\":\"EntryPoint\",\"urlTemplate\":\"https:\/\/wellnessmarket.ro\/?s={search_term_string}\"},\"query-input\":{\"@type\":\"PropertyValueSpecification\",\"valueRequired\":true,\"valueName\":\"search_term_string\"}}],\"inLanguage\":\"en-US\"},{\"@type\":\"Organization\",\"@id\":\"https:\/\/wellnessmarket.ro\/#organization\",\"name\":\"WellnessMarket\",\"url\":\"https:\/\/wellnessmarket.ro\/\",\"logo\":{\"@type\":\"ImageObject\",\"inLanguage\":\"en-US\",\"@id\":\"https:\/\/wellnessmarket.ro\/#\/schema\/logo\/image\/\",\"url\":\"https:\/\/wellnessmarket.ro\/wp-content\/uploads\/2025\/01\/logo4.png\",\"contentUrl\":\"https:\/\/wellnessmarket.ro\/wp-content\/uploads\/2025\/01\/logo4.png\",\"width\":1258,\"height\":437,\"caption\":\"WellnessMarket\"},\"image\":{\"@id\":\"https:\/\/wellnessmarket.ro\/#\/schema\/logo\/image\/\"}}]}<\/script>\n<!-- \/ Yoast SEO plugin. -->","yoast_head_json":{"title":"The Basic Bundle - WellnessMarket","robots":{"index":"index","follow":"follow","max-snippet":"max-snippet:-1","max-image-preview":"max-image-preview:large","max-video-preview":"max-video-preview:-1"},"canonical":"https:\/\/wellnessmarket.ro\/en\/product\/the-basic-bundle\/","og_locale":"en_US","og_type":"article","og_title":"The Basic Bundle - WellnessMarket","og_description":"\ud83c\udf92 The Basic Bundle \u2013 Setul esen\u021bial pentru bun\u0103stare \u0219i armonie \ud83c\udf3fInclude componentele fundamentale Healy pentru balans energetic, relaxare \u015fi revitalizare. Perfect pentru cei care vor s\u0103 \u00eenceap\u0103 c\u0103l\u0103toria spre echilibru interior.","og_url":"https:\/\/wellnessmarket.ro\/en\/product\/the-basic-bundle\/","og_site_name":"WellnessMarket","article_modified_time":"2025-09-19T16:37:47+00:00","og_image":[{"width":1000,"height":1000,"url":"https:\/\/wellnessmarket.ro\/wp-content\/uploads\/2025\/09\/basic-bundle.jpg","type":"image\/jpeg"}],"twitter_card":"summary_large_image","twitter_misc":{"Est. reading time":"1 minute"},"schema":{"@context":"https:\/\/schema.org","@graph":[{"@type":"WebPage","@id":"https:\/\/wellnessmarket.ro\/product\/the-basic-bundle\/","url":"https:\/\/wellnessmarket.ro\/product\/the-basic-bundle\/","name":"The Basic Bundle - WellnessMarket","isPartOf":{"@id":"https:\/\/wellnessmarket.ro\/#website"},"primaryImageOfPage":{"@id":"https:\/\/wellnessmarket.ro\/product\/the-basic-bundle\/#primaryimage"},"image":{"@id":"https:\/\/wellnessmarket.ro\/product\/the-basic-bundle\/#primaryimage"},"thumbnailUrl":"https:\/\/wellnessmarket.ro\/wp-content\/uploads\/2025\/09\/basic-bundle.jpg","datePublished":"2025-09-19T16:33:03+00:00","dateModified":"2025-09-19T16:37:47+00:00","breadcrumb":{"@id":"https:\/\/wellnessmarket.ro\/product\/the-basic-bundle\/#breadcrumb"},"inLanguage":"en-US","potentialAction":[{"@type":"ReadAction","target":["https:\/\/wellnessmarket.ro\/product\/the-basic-bundle\/"]}]},{"@type":"ImageObject","inLanguage":"en-US","@id":"https:\/\/wellnessmarket.ro\/product\/the-basic-bundle\/#primaryimage","url":"https:\/\/wellnessmarket.ro\/wp-content\/uploads\/2025\/09\/basic-bundle.jpg","contentUrl":"https:\/\/wellnessmarket.ro\/wp-content\/uploads\/2025\/09\/basic-bundle.jpg","width":1000,"height":1000},{"@type":"BreadcrumbList","@id":"https:\/\/wellnessmarket.ro\/product\/the-basic-bundle\/#breadcrumb","itemListElement":[{"@type":"ListItem","position":1,"name":"Prima pagin\u0103","item":"https:\/\/wellnessmarket.ro\/"},{"@type":"ListItem","position":2,"name":"Produse","item":"https:\/\/wellnessmarket.ro\/shop\/"},{"@type":"ListItem","position":3,"name":"The Basic Bundle"}]},{"@type":"WebSite","@id":"https:\/\/wellnessmarket.ro\/#website","url":"https:\/\/wellnessmarket.ro\/","name":"WellnessMarket","description":"Today is the day","publisher":{"@id":"https:\/\/wellnessmarket.ro\/#organization"},"potentialAction":[{"@type":"SearchAction","target":{"@type":"EntryPoint","urlTemplate":"https:\/\/wellnessmarket.ro\/?s={search_term_string}"},"query-input":{"@type":"PropertyValueSpecification","valueRequired":true,"valueName":"search_term_string"}}],"inLanguage":"en-US"},{"@type":"Organization","@id":"https:\/\/wellnessmarket.ro\/#organization","name":"WellnessMarket","url":"https:\/\/wellnessmarket.ro\/","logo":{"@type":"ImageObject","inLanguage":"en-US","@id":"https:\/\/wellnessmarket.ro\/#\/schema\/logo\/image\/","url":"https:\/\/wellnessmarket.ro\/wp-content\/uploads\/2025\/01\/logo4.png","contentUrl":"https:\/\/wellnessmarket.ro\/wp-content\/uploads\/2025\/01\/logo4.png","width":1258,"height":437,"caption":"WellnessMarket"},"image":{"@id":"https:\/\/wellnessmarket.ro\/#\/schema\/logo\/image\/"}}]}},"_links":{"self":[{"href":"https:\/\/wellnessmarket.ro\/en\/wp-json\/wp\/v2\/product\/5093","targetHints":{"allow":["GET"]}}],"collection":[{"href":"https:\/\/wellnessmarket.ro\/en\/wp-json\/wp\/v2\/product"}],"about":[{"href":"https:\/\/wellnessmarket.ro\/en\/wp-json\/wp\/v2\/types\/product"}],"replies":[{"embeddable":true,"href":"https:\/\/wellnessmarket.ro\/en\/wp-json\/wp\/v2\/comments?post=5093"}],"wp:featuredmedia":[{"embeddable":true,"href":"https:\/\/wellnessmarket.ro\/en\/wp-json\/wp\/v2\/media\/5096"}],"wp:attachment":[{"href":"https:\/\/wellnessmarket.ro\/en\/wp-json\/wp\/v2\/media?parent=5093"}],"wp:term":[{"taxonomy":"product_brand","embeddable":true,"href":"https:\/\/wellnessmarket.ro\/en\/wp-json\/wp\/v2\/product_brand?post=5093"},{"taxonomy":"product_cat","embeddable":true,"href":"https:\/\/wellnessmarket.ro\/en\/wp-json\/wp\/v2\/product_cat?post=5093"},{"taxonomy":"product_tag","embeddable":true,"href":"https:\/\/wellnessmarket.ro\/en\/wp-json\/wp\/v2\/product_tag?post=5093"}],"curies":[{"name":"wp","href":"https:\/\/api.w.org\/{rel}","templated":true}]}}