{"id":4957,"date":"2025-09-01T00:17:42","date_gmt":"2025-08-31T23:17:42","guid":{"rendered":"https:\/\/wellnessmarket.ro\/?post_type=product&#038;p=4957"},"modified":"2025-09-16T19:05:51","modified_gmt":"2025-09-16T18:05:51","slug":"maghealy-discover","status":"publish","type":"product","link":"https:\/\/wellnessmarket.ro\/en\/product\/maghealy-discover\/","title":{"rendered":"MagHealy Discover"},"content":{"rendered":"<h3 data-start=\"497\" data-end=\"532\">\ud83c\udf1f What is MagHealy Discover?<\/h3>\n<p data-start=\"533\" data-end=\"810\"><strong data-start=\"533\" data-end=\"554\">MagHealy Discover<\/strong> is the basic version of Healy magnetic technology, designed for users starting their journey into bioenergetic wellness. The device is compact, easy to use and offers 6 standard programs for mental, physical and emotional balance.<\/p>\n<hr data-start=\"812\" data-end=\"815\" \/>\n<h3 data-start=\"817\" data-end=\"850\">\u2728 Main features<\/h3>\n<ul data-start=\"851\" data-end=\"1253\">\n<li data-start=\"851\" data-end=\"934\">\n<p data-start=\"853\" data-end=\"934\">\ud83e\uddf2 <strong data-start=\"856\" data-end=\"886\">Simple magnetic stimulation<\/strong> \u2013 easy to use, effective for daily use<\/p>\n<\/li>\n<li data-start=\"935\" data-end=\"996\">\n<p data-start=\"937\" data-end=\"996\">\u26a1 <strong data-start=\"939\" data-end=\"959\">General wellness<\/strong> \u2013 supports relaxation and vitality<\/p>\n<\/li>\n<li data-start=\"997\" data-end=\"1093\">\n<p data-start=\"999\" data-end=\"1093\">\ud83d\udcf1 <strong data-start=\"1002\" data-end=\"1028\">Control via Healy App<\/strong> \u2013 quick program selection and progress monitoring<\/p>\n<\/li>\n<li data-start=\"1094\" data-end=\"1188\">\n<p data-start=\"1096\" data-end=\"1188\">\ud83c\udfaf <strong data-start=\"1099\" data-end=\"1122\">6 standard programs<\/strong> \u2013 specially designed for beginners and occasional users<\/p>\n<\/li>\n<li data-start=\"1189\" data-end=\"1253\">\n<p data-start=\"1191\" data-end=\"1253\">\ud83d\udc76 <strong data-start=\"1194\" data-end=\"1213\">Suitable for<\/strong>: Beginners and casual users<\/p>\n<\/li>\n<\/ul>\n<hr data-start=\"1255\" data-end=\"1258\" \/>\n<h3 data-start=\"1260\" data-end=\"1278\">\ud83d\udca1 Benefits<\/h3>\n<ul data-start=\"1279\" data-end=\"1470\">\n<li data-start=\"1279\" data-end=\"1317\">\n<p data-start=\"1281\" data-end=\"1317\">Easy integration into daily routine<\/p>\n<\/li>\n<li data-start=\"1318\" data-end=\"1365\">\n<p data-start=\"1320\" data-end=\"1365\">Simple and affordable wellness experience<\/p>\n<\/li>\n<li data-start=\"1366\" data-end=\"1470\">\n<p data-start=\"1368\" data-end=\"1470\">Possibility to upgrade to MagHealy Evolve or Pro as the user becomes more experienced<\/p>\n<\/li>\n<\/ul>","protected":false},"excerpt":{"rendered":"<p>\ud83e\uddf2 <strong data-start=\"189\" data-end=\"210\">MagHealy Discover<\/strong> \u2013 Magnetic stimulation device for beginners and occasional users. Supports bioenergetic balance, relaxation and vitality with 6 standard programs, easy to use via the Healy App.<\/p>","protected":false},"featured_media":4944,"comment_status":"open","ping_status":"closed","template":"","meta":[],"product_brand":[],"product_cat":[119],"product_tag":[120],"class_list":{"0":"post-4957","1":"product","2":"type-product","3":"status-publish","4":"has-post-thumbnail","6":"product_cat-dispozitive","7":"product_tag-healy","9":"first","10":"instock","11":"taxable","12":"shipping-taxable","13":"product-type-external"},"yoast_head":"<!-- This site is optimized with the Yoast SEO plugin v26.1.1 - https:\/\/yoast.com\/wordpress\/plugins\/seo\/ -->\n<title>MagHealy Discover - WellnessMarket<\/title>\n<meta name=\"robots\" content=\"index, follow, max-snippet:-1, max-image-preview:large, max-video-preview:-1\" \/>\n<link rel=\"canonical\" href=\"https:\/\/wellnessmarket.ro\/en\/product\/maghealy-discover\/\" \/>\n<meta property=\"og:locale\" content=\"en_US\" \/>\n<meta property=\"og:type\" content=\"article\" \/>\n<meta property=\"og:title\" content=\"MagHealy Discover - WellnessMarket\" \/>\n<meta property=\"og:description\" content=\"\ud83e\uddf2 MagHealy Discover \u2013 Dispozitiv de stimulare magnetic\u0103 pentru \u00eencep\u0103tori \u0219i utilizatori ocazionali. Sus\u021bine echilibrul bioenergetic, relaxarea \u0219i vitalitatea cu 6 programe standard, u\u0219or de folosit prin Healy App.\" \/>\n<meta property=\"og:url\" content=\"https:\/\/wellnessmarket.ro\/en\/product\/maghealy-discover\/\" \/>\n<meta property=\"og:site_name\" content=\"WellnessMarket\" \/>\n<meta property=\"article:modified_time\" content=\"2025-09-16T18:05:51+00:00\" \/>\n<meta property=\"og:image\" content=\"https:\/\/wellnessmarket.ro\/wp-content\/uploads\/2025\/08\/maghealy-discover.jpg\" \/>\n\t<meta property=\"og:image:width\" content=\"1000\" \/>\n\t<meta property=\"og:image:height\" content=\"1000\" \/>\n\t<meta property=\"og:image:type\" content=\"image\/jpeg\" \/>\n<meta name=\"twitter:card\" content=\"summary_large_image\" \/>\n<meta name=\"twitter:label1\" content=\"Est. reading time\" \/>\n\t<meta name=\"twitter:data1\" content=\"1 minute\" \/>\n<script type=\"application\/ld+json\" class=\"yoast-schema-graph\">{\"@context\":\"https:\/\/schema.org\",\"@graph\":[{\"@type\":\"WebPage\",\"@id\":\"https:\/\/wellnessmarket.ro\/product\/maghealy-discover\/\",\"url\":\"https:\/\/wellnessmarket.ro\/product\/maghealy-discover\/\",\"name\":\"MagHealy Discover - WellnessMarket\",\"isPartOf\":{\"@id\":\"https:\/\/wellnessmarket.ro\/#website\"},\"primaryImageOfPage\":{\"@id\":\"https:\/\/wellnessmarket.ro\/product\/maghealy-discover\/#primaryimage\"},\"image\":{\"@id\":\"https:\/\/wellnessmarket.ro\/product\/maghealy-discover\/#primaryimage\"},\"thumbnailUrl\":\"https:\/\/wellnessmarket.ro\/wp-content\/uploads\/2025\/08\/maghealy-discover.jpg\",\"datePublished\":\"2025-08-31T23:17:42+00:00\",\"dateModified\":\"2025-09-16T18:05:51+00:00\",\"breadcrumb\":{\"@id\":\"https:\/\/wellnessmarket.ro\/product\/maghealy-discover\/#breadcrumb\"},\"inLanguage\":\"en-US\",\"potentialAction\":[{\"@type\":\"ReadAction\",\"target\":[\"https:\/\/wellnessmarket.ro\/product\/maghealy-discover\/\"]}]},{\"@type\":\"ImageObject\",\"inLanguage\":\"en-US\",\"@id\":\"https:\/\/wellnessmarket.ro\/product\/maghealy-discover\/#primaryimage\",\"url\":\"https:\/\/wellnessmarket.ro\/wp-content\/uploads\/2025\/08\/maghealy-discover.jpg\",\"contentUrl\":\"https:\/\/wellnessmarket.ro\/wp-content\/uploads\/2025\/08\/maghealy-discover.jpg\",\"width\":1000,\"height\":1000},{\"@type\":\"BreadcrumbList\",\"@id\":\"https:\/\/wellnessmarket.ro\/product\/maghealy-discover\/#breadcrumb\",\"itemListElement\":[{\"@type\":\"ListItem\",\"position\":1,\"name\":\"Prima pagin\u0103\",\"item\":\"https:\/\/wellnessmarket.ro\/\"},{\"@type\":\"ListItem\",\"position\":2,\"name\":\"Produse\",\"item\":\"https:\/\/wellnessmarket.ro\/shop\/\"},{\"@type\":\"ListItem\",\"position\":3,\"name\":\"MagHealy Discover\"}]},{\"@type\":\"WebSite\",\"@id\":\"https:\/\/wellnessmarket.ro\/#website\",\"url\":\"https:\/\/wellnessmarket.ro\/\",\"name\":\"WellnessMarket\",\"description\":\"Today is the day\",\"publisher\":{\"@id\":\"https:\/\/wellnessmarket.ro\/#organization\"},\"potentialAction\":[{\"@type\":\"SearchAction\",\"target\":{\"@type\":\"EntryPoint\",\"urlTemplate\":\"https:\/\/wellnessmarket.ro\/?s={search_term_string}\"},\"query-input\":{\"@type\":\"PropertyValueSpecification\",\"valueRequired\":true,\"valueName\":\"search_term_string\"}}],\"inLanguage\":\"en-US\"},{\"@type\":\"Organization\",\"@id\":\"https:\/\/wellnessmarket.ro\/#organization\",\"name\":\"WellnessMarket\",\"url\":\"https:\/\/wellnessmarket.ro\/\",\"logo\":{\"@type\":\"ImageObject\",\"inLanguage\":\"en-US\",\"@id\":\"https:\/\/wellnessmarket.ro\/#\/schema\/logo\/image\/\",\"url\":\"https:\/\/wellnessmarket.ro\/wp-content\/uploads\/2025\/01\/logo4.png\",\"contentUrl\":\"https:\/\/wellnessmarket.ro\/wp-content\/uploads\/2025\/01\/logo4.png\",\"width\":1258,\"height\":437,\"caption\":\"WellnessMarket\"},\"image\":{\"@id\":\"https:\/\/wellnessmarket.ro\/#\/schema\/logo\/image\/\"}}]}<\/script>\n<!-- \/ Yoast SEO plugin. -->","yoast_head_json":{"title":"MagHealy Discover - WellnessMarket","robots":{"index":"index","follow":"follow","max-snippet":"max-snippet:-1","max-image-preview":"max-image-preview:large","max-video-preview":"max-video-preview:-1"},"canonical":"https:\/\/wellnessmarket.ro\/en\/product\/maghealy-discover\/","og_locale":"en_US","og_type":"article","og_title":"MagHealy Discover - WellnessMarket","og_description":"\ud83e\uddf2 MagHealy Discover \u2013 Dispozitiv de stimulare magnetic\u0103 pentru \u00eencep\u0103tori \u0219i utilizatori ocazionali. Sus\u021bine echilibrul bioenergetic, relaxarea \u0219i vitalitatea cu 6 programe standard, u\u0219or de folosit prin Healy App.","og_url":"https:\/\/wellnessmarket.ro\/en\/product\/maghealy-discover\/","og_site_name":"WellnessMarket","article_modified_time":"2025-09-16T18:05:51+00:00","og_image":[{"width":1000,"height":1000,"url":"https:\/\/wellnessmarket.ro\/wp-content\/uploads\/2025\/08\/maghealy-discover.jpg","type":"image\/jpeg"}],"twitter_card":"summary_large_image","twitter_misc":{"Est. reading time":"1 minute"},"schema":{"@context":"https:\/\/schema.org","@graph":[{"@type":"WebPage","@id":"https:\/\/wellnessmarket.ro\/product\/maghealy-discover\/","url":"https:\/\/wellnessmarket.ro\/product\/maghealy-discover\/","name":"MagHealy Discover - WellnessMarket","isPartOf":{"@id":"https:\/\/wellnessmarket.ro\/#website"},"primaryImageOfPage":{"@id":"https:\/\/wellnessmarket.ro\/product\/maghealy-discover\/#primaryimage"},"image":{"@id":"https:\/\/wellnessmarket.ro\/product\/maghealy-discover\/#primaryimage"},"thumbnailUrl":"https:\/\/wellnessmarket.ro\/wp-content\/uploads\/2025\/08\/maghealy-discover.jpg","datePublished":"2025-08-31T23:17:42+00:00","dateModified":"2025-09-16T18:05:51+00:00","breadcrumb":{"@id":"https:\/\/wellnessmarket.ro\/product\/maghealy-discover\/#breadcrumb"},"inLanguage":"en-US","potentialAction":[{"@type":"ReadAction","target":["https:\/\/wellnessmarket.ro\/product\/maghealy-discover\/"]}]},{"@type":"ImageObject","inLanguage":"en-US","@id":"https:\/\/wellnessmarket.ro\/product\/maghealy-discover\/#primaryimage","url":"https:\/\/wellnessmarket.ro\/wp-content\/uploads\/2025\/08\/maghealy-discover.jpg","contentUrl":"https:\/\/wellnessmarket.ro\/wp-content\/uploads\/2025\/08\/maghealy-discover.jpg","width":1000,"height":1000},{"@type":"BreadcrumbList","@id":"https:\/\/wellnessmarket.ro\/product\/maghealy-discover\/#breadcrumb","itemListElement":[{"@type":"ListItem","position":1,"name":"Prima pagin\u0103","item":"https:\/\/wellnessmarket.ro\/"},{"@type":"ListItem","position":2,"name":"Produse","item":"https:\/\/wellnessmarket.ro\/shop\/"},{"@type":"ListItem","position":3,"name":"MagHealy Discover"}]},{"@type":"WebSite","@id":"https:\/\/wellnessmarket.ro\/#website","url":"https:\/\/wellnessmarket.ro\/","name":"WellnessMarket","description":"Today is the day","publisher":{"@id":"https:\/\/wellnessmarket.ro\/#organization"},"potentialAction":[{"@type":"SearchAction","target":{"@type":"EntryPoint","urlTemplate":"https:\/\/wellnessmarket.ro\/?s={search_term_string}"},"query-input":{"@type":"PropertyValueSpecification","valueRequired":true,"valueName":"search_term_string"}}],"inLanguage":"en-US"},{"@type":"Organization","@id":"https:\/\/wellnessmarket.ro\/#organization","name":"WellnessMarket","url":"https:\/\/wellnessmarket.ro\/","logo":{"@type":"ImageObject","inLanguage":"en-US","@id":"https:\/\/wellnessmarket.ro\/#\/schema\/logo\/image\/","url":"https:\/\/wellnessmarket.ro\/wp-content\/uploads\/2025\/01\/logo4.png","contentUrl":"https:\/\/wellnessmarket.ro\/wp-content\/uploads\/2025\/01\/logo4.png","width":1258,"height":437,"caption":"WellnessMarket"},"image":{"@id":"https:\/\/wellnessmarket.ro\/#\/schema\/logo\/image\/"}}]}},"_links":{"self":[{"href":"https:\/\/wellnessmarket.ro\/en\/wp-json\/wp\/v2\/product\/4957","targetHints":{"allow":["GET"]}}],"collection":[{"href":"https:\/\/wellnessmarket.ro\/en\/wp-json\/wp\/v2\/product"}],"about":[{"href":"https:\/\/wellnessmarket.ro\/en\/wp-json\/wp\/v2\/types\/product"}],"replies":[{"embeddable":true,"href":"https:\/\/wellnessmarket.ro\/en\/wp-json\/wp\/v2\/comments?post=4957"}],"wp:featuredmedia":[{"embeddable":true,"href":"https:\/\/wellnessmarket.ro\/en\/wp-json\/wp\/v2\/media\/4944"}],"wp:attachment":[{"href":"https:\/\/wellnessmarket.ro\/en\/wp-json\/wp\/v2\/media?parent=4957"}],"wp:term":[{"taxonomy":"product_brand","embeddable":true,"href":"https:\/\/wellnessmarket.ro\/en\/wp-json\/wp\/v2\/product_brand?post=4957"},{"taxonomy":"product_cat","embeddable":true,"href":"https:\/\/wellnessmarket.ro\/en\/wp-json\/wp\/v2\/product_cat?post=4957"},{"taxonomy":"product_tag","embeddable":true,"href":"https:\/\/wellnessmarket.ro\/en\/wp-json\/wp\/v2\/product_tag?post=4957"}],"curies":[{"name":"wp","href":"https:\/\/api.w.org\/{rel}","templated":true}]}}