{"id":4846,"date":"2025-08-25T22:16:32","date_gmt":"2025-08-25T21:16:32","guid":{"rendered":"https:\/\/wellnessmarket.ro\/?post_type=product&#038;p=4846"},"modified":"2025-09-16T19:08:28","modified_gmt":"2025-09-16T18:08:28","slug":"healy-medical","status":"publish","type":"product","link":"https:\/\/wellnessmarket.ro\/en\/product\/healy-medical\/","title":{"rendered":"Healy Medical Edition"},"content":{"rendered":"<h3 data-start=\"554\" data-end=\"635\">Healy Medical Edition \u2013 Holistic support for body and mind balance<\/h3>\n<p data-start=\"637\" data-end=\"890\">Edition <strong data-start=\"644\" data-end=\"655\">Medical<\/strong> The Healy device offers a compact and easy-to-use solution designed to improve overall well-being through targeted applications. It includes the Healy device and mobile app, with access to 7 essential programs:<\/p>\n<ul data-start=\"892\" data-end=\"1348\">\n<li data-start=\"892\" data-end=\"965\">\n<p data-start=\"894\" data-end=\"965\"><strong data-start=\"894\" data-end=\"912\">Chronic pain<\/strong> \u2013 for persistent discomfort management.<\/p>\n<\/li>\n<li data-start=\"966\" data-end=\"1029\">\n<p data-start=\"968\" data-end=\"1029\"><strong data-start=\"968\" data-end=\"986\">Low back pain<\/strong> \u2013 localized relief for the back area.<\/p>\n<\/li>\n<li data-start=\"1030\" data-end=\"1114\">\n<p data-start=\"1032\" data-end=\"1114\"><strong data-start=\"1032\" data-end=\"1061\">Joint pain (local)<\/strong> \u2013 applications dedicated to areas with reduced mobility.<\/p>\n<\/li>\n<li data-start=\"1115\" data-end=\"1169\">\n<p data-start=\"1117\" data-end=\"1169\"><strong data-start=\"1117\" data-end=\"1128\">Migraine<\/strong> \u2013 a help for difficult times.<\/p>\n<\/li>\n<li data-start=\"1170\" data-end=\"1229\">\n<p data-start=\"1172\" data-end=\"1229\"><strong data-start=\"1172\" data-end=\"1184\">Insomnia<\/strong> \u2013 to improve sleep quality.<\/p>\n<\/li>\n<li data-start=\"1230\" data-end=\"1348\">\n<p data-start=\"1232\" data-end=\"1348\"><strong data-start=\"1232\" data-end=\"1244\">Depression<\/strong> and <strong data-start=\"1248\" data-end=\"1261\">Anxiety<\/strong> \u2013 support for emotional and psychological balance.<\/p>\n<\/li>\n<\/ul>\n<p data-start=\"1350\" data-end=\"1364\"><strong data-start=\"1350\" data-end=\"1363\">Important<\/strong>:<\/p>\n<ul data-start=\"1365\" data-end=\"1546\">\n<li data-start=\"1365\" data-end=\"1436\">\n<p data-start=\"1367\" data-end=\"1436\">It does not allow subscription to additional program groups or modules.<\/p>\n<\/li>\n<li data-start=\"1437\" data-end=\"1546\">\n<p data-start=\"1439\" data-end=\"1546\">It is not possible to upgrade to a more advanced edition.<\/p>\n<\/li>\n<\/ul>\n<p data-start=\"1548\" data-end=\"1894\"><strong data-start=\"1548\" data-end=\"1575\">Context and regulations<\/strong>:<br \/>\nIn the European Union, Healy is approved as a class IIa medical device, indicated for the treatment of chronic pain, fibromyalgia, skeletal pain and migraines, as well as for support in mental disorders such as depression, anxiety and insomnia associated with them.<\/p>","protected":false},"excerpt":{"rendered":"<p><strong data-start=\"166\" data-end=\"191\">Healy Medical Edition<\/strong> \u2013 portable device + Healy app included, with 7 programs: chronic pain, low back pain, localized joint pain, migraine, insomnia, depression, anxiety. Attention: does not allow subsequent purchase of other modules and cannot be upgraded to other editions.<\/p>","protected":false},"featured_media":4880,"comment_status":"open","ping_status":"closed","template":"","meta":[],"product_brand":[],"product_cat":[119],"product_tag":[120],"class_list":{"0":"post-4846","1":"product","2":"type-product","3":"status-publish","4":"has-post-thumbnail","6":"product_cat-dispozitive","7":"product_tag-healy","9":"first","10":"instock","11":"taxable","12":"shipping-taxable","13":"product-type-external"},"yoast_head":"<!-- This site is optimized with the Yoast SEO plugin v26.1.1 - https:\/\/yoast.com\/wordpress\/plugins\/seo\/ -->\n<title>Healy Medical Edition - WellnessMarket<\/title>\n<meta name=\"robots\" content=\"index, follow, max-snippet:-1, max-image-preview:large, max-video-preview:-1\" \/>\n<link rel=\"canonical\" href=\"https:\/\/wellnessmarket.ro\/en\/product\/healy-medical\/\" \/>\n<meta property=\"og:locale\" content=\"en_US\" \/>\n<meta property=\"og:type\" content=\"article\" \/>\n<meta property=\"og:title\" content=\"Healy Medical Edition - WellnessMarket\" \/>\n<meta property=\"og:description\" content=\"Healy Medical Edition \u2013 dispozitiv portabil + aplica\u021bie Healy incluse, cu 7 programe: durere cronic\u0103, durere lombar\u0103, dureri articulare localizate, migren\u0103, insomnie, depresie, anxietate. Aten\u021bie: nu permite achizi\u021bia ulterioar\u0103 de alte module \u0219i nu se poate face upgrade la alte edi\u021bii.\" \/>\n<meta property=\"og:url\" content=\"https:\/\/wellnessmarket.ro\/en\/product\/healy-medical\/\" \/>\n<meta property=\"og:site_name\" content=\"WellnessMarket\" \/>\n<meta property=\"article:modified_time\" content=\"2025-09-16T18:08:28+00:00\" \/>\n<meta property=\"og:image\" content=\"https:\/\/wellnessmarket.ro\/wp-content\/uploads\/2025\/08\/healy_medical-1.jpg\" \/>\n\t<meta property=\"og:image:width\" content=\"1000\" \/>\n\t<meta property=\"og:image:height\" content=\"1000\" \/>\n\t<meta property=\"og:image:type\" content=\"image\/jpeg\" \/>\n<meta name=\"twitter:card\" content=\"summary_large_image\" \/>\n<meta name=\"twitter:label1\" content=\"Est. reading time\" \/>\n\t<meta name=\"twitter:data1\" content=\"1 minute\" \/>\n<script type=\"application\/ld+json\" class=\"yoast-schema-graph\">{\"@context\":\"https:\/\/schema.org\",\"@graph\":[{\"@type\":\"WebPage\",\"@id\":\"https:\/\/wellnessmarket.ro\/product\/healy-medical\/\",\"url\":\"https:\/\/wellnessmarket.ro\/product\/healy-medical\/\",\"name\":\"Healy Medical Edition - WellnessMarket\",\"isPartOf\":{\"@id\":\"https:\/\/wellnessmarket.ro\/#website\"},\"primaryImageOfPage\":{\"@id\":\"https:\/\/wellnessmarket.ro\/product\/healy-medical\/#primaryimage\"},\"image\":{\"@id\":\"https:\/\/wellnessmarket.ro\/product\/healy-medical\/#primaryimage\"},\"thumbnailUrl\":\"https:\/\/wellnessmarket.ro\/wp-content\/uploads\/2025\/08\/healy_medical-1.jpg\",\"datePublished\":\"2025-08-25T21:16:32+00:00\",\"dateModified\":\"2025-09-16T18:08:28+00:00\",\"breadcrumb\":{\"@id\":\"https:\/\/wellnessmarket.ro\/product\/healy-medical\/#breadcrumb\"},\"inLanguage\":\"en-US\",\"potentialAction\":[{\"@type\":\"ReadAction\",\"target\":[\"https:\/\/wellnessmarket.ro\/product\/healy-medical\/\"]}]},{\"@type\":\"ImageObject\",\"inLanguage\":\"en-US\",\"@id\":\"https:\/\/wellnessmarket.ro\/product\/healy-medical\/#primaryimage\",\"url\":\"https:\/\/wellnessmarket.ro\/wp-content\/uploads\/2025\/08\/healy_medical-1.jpg\",\"contentUrl\":\"https:\/\/wellnessmarket.ro\/wp-content\/uploads\/2025\/08\/healy_medical-1.jpg\",\"width\":1000,\"height\":1000},{\"@type\":\"BreadcrumbList\",\"@id\":\"https:\/\/wellnessmarket.ro\/product\/healy-medical\/#breadcrumb\",\"itemListElement\":[{\"@type\":\"ListItem\",\"position\":1,\"name\":\"Prima pagin\u0103\",\"item\":\"https:\/\/wellnessmarket.ro\/\"},{\"@type\":\"ListItem\",\"position\":2,\"name\":\"Produse\",\"item\":\"https:\/\/wellnessmarket.ro\/shop\/\"},{\"@type\":\"ListItem\",\"position\":3,\"name\":\"Healy Medical Edition\"}]},{\"@type\":\"WebSite\",\"@id\":\"https:\/\/wellnessmarket.ro\/#website\",\"url\":\"https:\/\/wellnessmarket.ro\/\",\"name\":\"WellnessMarket\",\"description\":\"Today is the day\",\"publisher\":{\"@id\":\"https:\/\/wellnessmarket.ro\/#organization\"},\"potentialAction\":[{\"@type\":\"SearchAction\",\"target\":{\"@type\":\"EntryPoint\",\"urlTemplate\":\"https:\/\/wellnessmarket.ro\/?s={search_term_string}\"},\"query-input\":{\"@type\":\"PropertyValueSpecification\",\"valueRequired\":true,\"valueName\":\"search_term_string\"}}],\"inLanguage\":\"en-US\"},{\"@type\":\"Organization\",\"@id\":\"https:\/\/wellnessmarket.ro\/#organization\",\"name\":\"WellnessMarket\",\"url\":\"https:\/\/wellnessmarket.ro\/\",\"logo\":{\"@type\":\"ImageObject\",\"inLanguage\":\"en-US\",\"@id\":\"https:\/\/wellnessmarket.ro\/#\/schema\/logo\/image\/\",\"url\":\"https:\/\/wellnessmarket.ro\/wp-content\/uploads\/2025\/01\/logo4.png\",\"contentUrl\":\"https:\/\/wellnessmarket.ro\/wp-content\/uploads\/2025\/01\/logo4.png\",\"width\":1258,\"height\":437,\"caption\":\"WellnessMarket\"},\"image\":{\"@id\":\"https:\/\/wellnessmarket.ro\/#\/schema\/logo\/image\/\"}}]}<\/script>\n<!-- \/ Yoast SEO plugin. -->","yoast_head_json":{"title":"Healy Medical Edition - WellnessMarket","robots":{"index":"index","follow":"follow","max-snippet":"max-snippet:-1","max-image-preview":"max-image-preview:large","max-video-preview":"max-video-preview:-1"},"canonical":"https:\/\/wellnessmarket.ro\/en\/product\/healy-medical\/","og_locale":"en_US","og_type":"article","og_title":"Healy Medical Edition - WellnessMarket","og_description":"Healy Medical Edition \u2013 dispozitiv portabil + aplica\u021bie Healy incluse, cu 7 programe: durere cronic\u0103, durere lombar\u0103, dureri articulare localizate, migren\u0103, insomnie, depresie, anxietate. Aten\u021bie: nu permite achizi\u021bia ulterioar\u0103 de alte module \u0219i nu se poate face upgrade la alte edi\u021bii.","og_url":"https:\/\/wellnessmarket.ro\/en\/product\/healy-medical\/","og_site_name":"WellnessMarket","article_modified_time":"2025-09-16T18:08:28+00:00","og_image":[{"width":1000,"height":1000,"url":"https:\/\/wellnessmarket.ro\/wp-content\/uploads\/2025\/08\/healy_medical-1.jpg","type":"image\/jpeg"}],"twitter_card":"summary_large_image","twitter_misc":{"Est. reading time":"1 minute"},"schema":{"@context":"https:\/\/schema.org","@graph":[{"@type":"WebPage","@id":"https:\/\/wellnessmarket.ro\/product\/healy-medical\/","url":"https:\/\/wellnessmarket.ro\/product\/healy-medical\/","name":"Healy Medical Edition - WellnessMarket","isPartOf":{"@id":"https:\/\/wellnessmarket.ro\/#website"},"primaryImageOfPage":{"@id":"https:\/\/wellnessmarket.ro\/product\/healy-medical\/#primaryimage"},"image":{"@id":"https:\/\/wellnessmarket.ro\/product\/healy-medical\/#primaryimage"},"thumbnailUrl":"https:\/\/wellnessmarket.ro\/wp-content\/uploads\/2025\/08\/healy_medical-1.jpg","datePublished":"2025-08-25T21:16:32+00:00","dateModified":"2025-09-16T18:08:28+00:00","breadcrumb":{"@id":"https:\/\/wellnessmarket.ro\/product\/healy-medical\/#breadcrumb"},"inLanguage":"en-US","potentialAction":[{"@type":"ReadAction","target":["https:\/\/wellnessmarket.ro\/product\/healy-medical\/"]}]},{"@type":"ImageObject","inLanguage":"en-US","@id":"https:\/\/wellnessmarket.ro\/product\/healy-medical\/#primaryimage","url":"https:\/\/wellnessmarket.ro\/wp-content\/uploads\/2025\/08\/healy_medical-1.jpg","contentUrl":"https:\/\/wellnessmarket.ro\/wp-content\/uploads\/2025\/08\/healy_medical-1.jpg","width":1000,"height":1000},{"@type":"BreadcrumbList","@id":"https:\/\/wellnessmarket.ro\/product\/healy-medical\/#breadcrumb","itemListElement":[{"@type":"ListItem","position":1,"name":"Prima pagin\u0103","item":"https:\/\/wellnessmarket.ro\/"},{"@type":"ListItem","position":2,"name":"Produse","item":"https:\/\/wellnessmarket.ro\/shop\/"},{"@type":"ListItem","position":3,"name":"Healy Medical Edition"}]},{"@type":"WebSite","@id":"https:\/\/wellnessmarket.ro\/#website","url":"https:\/\/wellnessmarket.ro\/","name":"WellnessMarket","description":"Today is the day","publisher":{"@id":"https:\/\/wellnessmarket.ro\/#organization"},"potentialAction":[{"@type":"SearchAction","target":{"@type":"EntryPoint","urlTemplate":"https:\/\/wellnessmarket.ro\/?s={search_term_string}"},"query-input":{"@type":"PropertyValueSpecification","valueRequired":true,"valueName":"search_term_string"}}],"inLanguage":"en-US"},{"@type":"Organization","@id":"https:\/\/wellnessmarket.ro\/#organization","name":"WellnessMarket","url":"https:\/\/wellnessmarket.ro\/","logo":{"@type":"ImageObject","inLanguage":"en-US","@id":"https:\/\/wellnessmarket.ro\/#\/schema\/logo\/image\/","url":"https:\/\/wellnessmarket.ro\/wp-content\/uploads\/2025\/01\/logo4.png","contentUrl":"https:\/\/wellnessmarket.ro\/wp-content\/uploads\/2025\/01\/logo4.png","width":1258,"height":437,"caption":"WellnessMarket"},"image":{"@id":"https:\/\/wellnessmarket.ro\/#\/schema\/logo\/image\/"}}]}},"_links":{"self":[{"href":"https:\/\/wellnessmarket.ro\/en\/wp-json\/wp\/v2\/product\/4846","targetHints":{"allow":["GET"]}}],"collection":[{"href":"https:\/\/wellnessmarket.ro\/en\/wp-json\/wp\/v2\/product"}],"about":[{"href":"https:\/\/wellnessmarket.ro\/en\/wp-json\/wp\/v2\/types\/product"}],"replies":[{"embeddable":true,"href":"https:\/\/wellnessmarket.ro\/en\/wp-json\/wp\/v2\/comments?post=4846"}],"wp:featuredmedia":[{"embeddable":true,"href":"https:\/\/wellnessmarket.ro\/en\/wp-json\/wp\/v2\/media\/4880"}],"wp:attachment":[{"href":"https:\/\/wellnessmarket.ro\/en\/wp-json\/wp\/v2\/media?parent=4846"}],"wp:term":[{"taxonomy":"product_brand","embeddable":true,"href":"https:\/\/wellnessmarket.ro\/en\/wp-json\/wp\/v2\/product_brand?post=4846"},{"taxonomy":"product_cat","embeddable":true,"href":"https:\/\/wellnessmarket.ro\/en\/wp-json\/wp\/v2\/product_cat?post=4846"},{"taxonomy":"product_tag","embeddable":true,"href":"https:\/\/wellnessmarket.ro\/en\/wp-json\/wp\/v2\/product_tag?post=4846"}],"curies":[{"name":"wp","href":"https:\/\/api.w.org\/{rel}","templated":true}]}}